{"id":1306,"date":"2024-04-24T14:51:58","date_gmt":"2024-04-24T14:51:58","guid":{"rendered":"https:\/\/primosstudio.com.br\/hume\/?page_id=1306"},"modified":"2024-04-24T18:02:40","modified_gmt":"2024-04-24T18:02:40","slug":"blog","status":"publish","type":"page","link":"https:\/\/primosstudio.com.br\/hume\/blog\/","title":{"rendered":"Blog"},"content":{"rendered":"\t\t<div data-elementor-type=\"wp-page\" data-elementor-id=\"1306\" class=\"elementor elementor-1306\" data-elementor-post-type=\"page\">\n\t\t\t\t<div class=\"elementor-element elementor-element-eb13a55 e-flex e-con-boxed e-con e-parent\" data-id=\"eb13a55\" data-element_type=\"container\">\n\t\t\t\t\t<div class=\"e-con-inner\">\n\t\t\t\t<div class=\"elementor-element elementor-element-c0eb180 elementor-widget elementor-widget-heading\" data-id=\"c0eb180\" data-element_type=\"widget\" data-widget_type=\"heading.default\">\n\t\t\t\t<div class=\"elementor-widget-container\">\n\t\t\t\t\t<h2 class=\"elementor-heading-title elementor-size-default\">Blog<\/h2>\t\t\t\t<\/div>\n\t\t\t\t<\/div>\n\t\t\t\t\t<\/div>\n\t\t\t\t<\/div>\n\t\t<div class=\"elementor-element elementor-element-9f71fbf e-flex e-con-boxed e-con e-parent\" data-id=\"9f71fbf\" data-element_type=\"container\">\n\t\t\t\t\t<div class=\"e-con-inner\">\n\t\t\t\t<div class=\"elementor-element elementor-element-98c499f elementor-grid-3 elementor-grid-tablet-2 elementor-grid-mobile-1 elementor-posts--thumbnail-top elementor-posts__hover-gradient elementor-widget elementor-widget-posts\" data-id=\"98c499f\" data-element_type=\"widget\" data-settings=\"{&quot;pagination_type&quot;:&quot;load_more_infinite_scroll&quot;,&quot;cards_columns&quot;:&quot;3&quot;,&quot;cards_columns_tablet&quot;:&quot;2&quot;,&quot;cards_columns_mobile&quot;:&quot;1&quot;,&quot;cards_row_gap&quot;:{&quot;unit&quot;:&quot;px&quot;,&quot;size&quot;:35,&quot;sizes&quot;:[]},&quot;cards_row_gap_tablet&quot;:{&quot;unit&quot;:&quot;px&quot;,&quot;size&quot;:&quot;&quot;,&quot;sizes&quot;:[]},&quot;cards_row_gap_mobile&quot;:{&quot;unit&quot;:&quot;px&quot;,&quot;size&quot;:&quot;&quot;,&quot;sizes&quot;:[]},&quot;load_more_spinner&quot;:{&quot;value&quot;:&quot;fas fa-spinner&quot;,&quot;library&quot;:&quot;fa-solid&quot;}}\" data-widget_type=\"posts.cards\">\n\t\t\t\t<div class=\"elementor-widget-container\">\n\t\t\t\t\t\t\t<div class=\"elementor-posts-container elementor-posts elementor-posts--skin-cards elementor-grid\">\n\t\t\t\t<article class=\"elementor-post elementor-grid-item post-1300 post type-post status-publish format-standard has-post-thumbnail hentry category-blog\">\n\t\t\t<div class=\"elementor-post__card\">\n\t\t\t\t<a class=\"elementor-post__thumbnail__link\" href=\"https:\/\/primosstudio.com.br\/hume\/2021\/08\/16\/manifesto-hume\/\" tabindex=\"-1\" ><div class=\"elementor-post__thumbnail\"><img fetchpriority=\"high\" decoding=\"async\" width=\"758\" height=\"400\" src=\"https:\/\/primosstudio.com.br\/hume\/wp-content\/uploads\/2021\/08\/Celulares.webp\" class=\"attachment-full size-full wp-image-1311\" alt=\"\" srcset=\"https:\/\/primosstudio.com.br\/hume\/wp-content\/uploads\/2021\/08\/Celulares.webp 758w, https:\/\/primosstudio.com.br\/hume\/wp-content\/uploads\/2021\/08\/Celulares-300x158.webp 300w\" sizes=\"(max-width: 758px) 100vw, 758px\" \/><\/div><\/a>\n\t\t\t\t<div class=\"elementor-post__text\">\n\t\t\t\t<h3 class=\"elementor-post__title\">\n\t\t\t<a href=\"https:\/\/primosstudio.com.br\/hume\/2021\/08\/16\/manifesto-hume\/\" >\n\t\t\t\tManifesto HUME\t\t\t<\/a>\n\t\t<\/h3>\n\t\t\t\t<div class=\"elementor-post__excerpt\">\n\t\t\t<p>O mundo mudou. As pessoas n\u00e3o tem mais tempo pra&nbsp;nada, apesar das 24h do dia permanecerem as mesmas. Com o<\/p>\n\t\t<\/div>\n\t\t\t\t<\/div>\n\t\t\t\t\t<\/div>\n\t\t<\/article>\n\t\t\t\t<article class=\"elementor-post elementor-grid-item post-1121 post type-post status-publish format-standard has-post-thumbnail hentry category-blog\">\n\t\t\t<div class=\"elementor-post__card\">\n\t\t\t\t<a class=\"elementor-post__thumbnail__link\" href=\"https:\/\/primosstudio.com.br\/hume\/2021\/01\/21\/qual-a-diferenca-entre-reservatorio-de-agua-torre-caixa-dagua-e-castelo\/\" tabindex=\"-1\" ><div class=\"elementor-post__thumbnail\"><img decoding=\"async\" width=\"1200\" height=\"1600\" src=\"https:\/\/primosstudio.com.br\/hume\/wp-content\/uploads\/2021\/01\/WhatsApp-Image-2024-04-11-at-16.20.58.jpeg\" class=\"attachment-full size-full wp-image-1334\" alt=\"\" srcset=\"https:\/\/primosstudio.com.br\/hume\/wp-content\/uploads\/2021\/01\/WhatsApp-Image-2024-04-11-at-16.20.58.jpeg 1200w, https:\/\/primosstudio.com.br\/hume\/wp-content\/uploads\/2021\/01\/WhatsApp-Image-2024-04-11-at-16.20.58-225x300.jpeg 225w, https:\/\/primosstudio.com.br\/hume\/wp-content\/uploads\/2021\/01\/WhatsApp-Image-2024-04-11-at-16.20.58-768x1024.jpeg 768w, https:\/\/primosstudio.com.br\/hume\/wp-content\/uploads\/2021\/01\/WhatsApp-Image-2024-04-11-at-16.20.58-1152x1536.jpeg 1152w\" sizes=\"(max-width: 1200px) 100vw, 1200px\" \/><\/div><\/a>\n\t\t\t\t<div class=\"elementor-post__text\">\n\t\t\t\t<h3 class=\"elementor-post__title\">\n\t\t\t<a href=\"https:\/\/primosstudio.com.br\/hume\/2021\/01\/21\/qual-a-diferenca-entre-reservatorio-de-agua-torre-caixa-dagua-e-castelo\/\" >\n\t\t\t\tQual a diferen\u00e7a entre  reservat\u00f3rio de \u00e1gua, torre, caixa d&#8217;\u00e1gua e castelo?\t\t\t<\/a>\n\t\t<\/h3>\n\t\t\t\t<div class=\"elementor-post__excerpt\">\n\t\t\t<p>Uma das perguntas mais frequentes que nos fazem \u00e9 qual a diferen\u00e7a entre os diferentes termos utilizados para identificar nossos<\/p>\n\t\t<\/div>\n\t\t\t\t<\/div>\n\t\t\t\t\t<\/div>\n\t\t<\/article>\n\t\t\t\t<article class=\"elementor-post elementor-grid-item post-1104 post type-post status-publish format-standard has-post-thumbnail hentry category-blog\">\n\t\t\t<div class=\"elementor-post__card\">\n\t\t\t\t<a class=\"elementor-post__thumbnail__link\" href=\"https:\/\/primosstudio.com.br\/hume\/2020\/12\/14\/captacao-da-agua-da-chuva\/\" tabindex=\"-1\" ><div class=\"elementor-post__thumbnail\"><img decoding=\"async\" width=\"1632\" height=\"1224\" src=\"https:\/\/primosstudio.com.br\/hume\/wp-content\/uploads\/2020\/12\/Captacao-agua-chuva.jpg\" class=\"attachment-full size-full wp-image-1336\" alt=\"\" srcset=\"https:\/\/primosstudio.com.br\/hume\/wp-content\/uploads\/2020\/12\/Captacao-agua-chuva.jpg 1632w, https:\/\/primosstudio.com.br\/hume\/wp-content\/uploads\/2020\/12\/Captacao-agua-chuva-300x225.jpg 300w, https:\/\/primosstudio.com.br\/hume\/wp-content\/uploads\/2020\/12\/Captacao-agua-chuva-1024x768.jpg 1024w, https:\/\/primosstudio.com.br\/hume\/wp-content\/uploads\/2020\/12\/Captacao-agua-chuva-768x576.jpg 768w, https:\/\/primosstudio.com.br\/hume\/wp-content\/uploads\/2020\/12\/Captacao-agua-chuva-1536x1152.jpg 1536w\" sizes=\"(max-width: 1632px) 100vw, 1632px\" \/><\/div><\/a>\n\t\t\t\t<div class=\"elementor-post__text\">\n\t\t\t\t<h3 class=\"elementor-post__title\">\n\t\t\t<a href=\"https:\/\/primosstudio.com.br\/hume\/2020\/12\/14\/captacao-da-agua-da-chuva\/\" >\n\t\t\t\tCapta\u00e7\u00e3o da \u00e1gua da chuva\t\t\t<\/a>\n\t\t<\/h3>\n\t\t\t\t<div class=\"elementor-post__excerpt\">\n\t\t\t<p>Voc\u00ea consegue ficar sem celular 1 dia? Sem chocolate 2 dias? Sem ver TV 3 dias? Provavelmente sim, mas e<\/p>\n\t\t<\/div>\n\t\t\t\t<\/div>\n\t\t\t\t\t<\/div>\n\t\t<\/article>\n\t\t\t\t<article class=\"elementor-post elementor-grid-item post-1081 post type-post status-publish format-standard has-post-thumbnail hentry category-blog tag-agua tag-anelpremoldado tag-caixadagua tag-caixadeagua tag-centrifugado tag-concreto tag-concretocentrifugado tag-durabilidade tag-engenharia tag-hume tag-humepremoldados tag-premoldados tag-qualidade tag-reservatorio-2 tag-reservatoriodeagua tag-saneamento tag-solidez tag-sustentabilidade tag-tubo\">\n\t\t\t<div class=\"elementor-post__card\">\n\t\t\t\t<a class=\"elementor-post__thumbnail__link\" href=\"https:\/\/primosstudio.com.br\/hume\/2020\/12\/03\/processo-de-fabricacao-hume\/\" tabindex=\"-1\" ><div class=\"elementor-post__thumbnail\"><img loading=\"lazy\" decoding=\"async\" width=\"1280\" height=\"960\" src=\"https:\/\/primosstudio.com.br\/hume\/wp-content\/uploads\/2020\/12\/Carregamento6-card.jpg\" class=\"attachment-full size-full wp-image-1347\" alt=\"\" srcset=\"https:\/\/primosstudio.com.br\/hume\/wp-content\/uploads\/2020\/12\/Carregamento6-card.jpg 1280w, https:\/\/primosstudio.com.br\/hume\/wp-content\/uploads\/2020\/12\/Carregamento6-card-300x225.jpg 300w, https:\/\/primosstudio.com.br\/hume\/wp-content\/uploads\/2020\/12\/Carregamento6-card-1024x768.jpg 1024w, https:\/\/primosstudio.com.br\/hume\/wp-content\/uploads\/2020\/12\/Carregamento6-card-768x576.jpg 768w\" sizes=\"(max-width: 1280px) 100vw, 1280px\" \/><\/div><\/a>\n\t\t\t\t<div class=\"elementor-post__text\">\n\t\t\t\t<h3 class=\"elementor-post__title\">\n\t\t\t<a href=\"https:\/\/primosstudio.com.br\/hume\/2020\/12\/03\/processo-de-fabricacao-hume\/\" >\n\t\t\t\tProcesso de Fabrica\u00e7\u00e3o HUME\t\t\t<\/a>\n\t\t<\/h3>\n\t\t\t\t<div class=\"elementor-post__excerpt\">\n\t\t\t<p>Hoje eu vou contar um pouquinho do processo de fabrica\u00e7\u00e3o de um reservat\u00f3rio de \u00e1gua da HUME. Voc\u00ea pode encontrar<\/p>\n\t\t<\/div>\n\t\t\t\t<\/div>\n\t\t\t\t\t<\/div>\n\t\t<\/article>\n\t\t\t\t<article class=\"elementor-post elementor-grid-item post-1399 post type-post status-publish format-standard has-post-thumbnail hentry category-uncategorized\">\n\t\t\t<div class=\"elementor-post__card\">\n\t\t\t\t<a class=\"elementor-post__thumbnail__link\" href=\"https:\/\/primosstudio.com.br\/hume\/2020\/12\/02\/montagem-de-um-reservatorio-de-agua-da-hume\/\" tabindex=\"-1\" ><div class=\"elementor-post__thumbnail\"><img loading=\"lazy\" decoding=\"async\" width=\"2560\" height=\"1920\" src=\"https:\/\/primosstudio.com.br\/hume\/wp-content\/uploads\/2024\/04\/COLOCACAO.jpg\" class=\"attachment-full size-full wp-image-1400\" alt=\"\" srcset=\"https:\/\/primosstudio.com.br\/hume\/wp-content\/uploads\/2024\/04\/COLOCACAO.jpg 2560w, https:\/\/primosstudio.com.br\/hume\/wp-content\/uploads\/2024\/04\/COLOCACAO-300x225.jpg 300w, https:\/\/primosstudio.com.br\/hume\/wp-content\/uploads\/2024\/04\/COLOCACAO-1024x768.jpg 1024w, https:\/\/primosstudio.com.br\/hume\/wp-content\/uploads\/2024\/04\/COLOCACAO-768x576.jpg 768w, https:\/\/primosstudio.com.br\/hume\/wp-content\/uploads\/2024\/04\/COLOCACAO-1536x1152.jpg 1536w, https:\/\/primosstudio.com.br\/hume\/wp-content\/uploads\/2024\/04\/COLOCACAO-2048x1536.jpg 2048w\" sizes=\"(max-width: 2560px) 100vw, 2560px\" \/><\/div><\/a>\n\t\t\t\t<div class=\"elementor-post__text\">\n\t\t\t\t<h3 class=\"elementor-post__title\">\n\t\t\t<a href=\"https:\/\/primosstudio.com.br\/hume\/2020\/12\/02\/montagem-de-um-reservatorio-de-agua-da-hume\/\" >\n\t\t\t\tMontagem de um Reservat\u00f3rio de \u00e1gua da HUME\t\t\t<\/a>\n\t\t<\/h3>\n\t\t\t\t<div class=\"elementor-post__excerpt\">\n\t\t\t<p>Conhe\u00e7a o processo de montagem de um Reservat\u00f3rio de \u00e1gua da HUME Pr\u00e9-moldados Confira nesse v\u00eddeo o processo de montagem<\/p>\n\t\t<\/div>\n\t\t\t\t<\/div>\n\t\t\t\t\t<\/div>\n\t\t<\/article>\n\t\t\t\t<article class=\"elementor-post elementor-grid-item post-1017 post type-post status-publish format-standard has-post-thumbnail hentry category-blog tag-agua tag-concreto tag-estrutura tag-pre-moldado tag-reservatorio tag-torre\">\n\t\t\t<div class=\"elementor-post__card\">\n\t\t\t\t<a class=\"elementor-post__thumbnail__link\" href=\"https:\/\/primosstudio.com.br\/hume\/2020\/10\/27\/hume-conheca-nossa-historia\/\" tabindex=\"-1\" ><div class=\"elementor-post__thumbnail\"><img loading=\"lazy\" decoding=\"async\" width=\"350\" height=\"266\" src=\"https:\/\/primosstudio.com.br\/hume\/wp-content\/uploads\/2020\/10\/Empresa.jpg\" class=\"attachment-full size-full wp-image-1340\" alt=\"\" srcset=\"https:\/\/primosstudio.com.br\/hume\/wp-content\/uploads\/2020\/10\/Empresa.jpg 350w, https:\/\/primosstudio.com.br\/hume\/wp-content\/uploads\/2020\/10\/Empresa-300x228.jpg 300w\" sizes=\"(max-width: 350px) 100vw, 350px\" \/><\/div><\/a>\n\t\t\t\t<div class=\"elementor-post__text\">\n\t\t\t\t<h3 class=\"elementor-post__title\">\n\t\t\t<a href=\"https:\/\/primosstudio.com.br\/hume\/2020\/10\/27\/hume-conheca-nossa-historia\/\" >\n\t\t\t\tHume &#8211; Conhe\u00e7a nossa hist\u00f3ria\t\t\t<\/a>\n\t\t<\/h3>\n\t\t\t\t<div class=\"elementor-post__excerpt\">\n\t\t\t<p>Era uma vez a Humanidade. Pessoas que precisavam de \u00e1gua para sobreviver. A humanidade da nossa hist\u00f3ria eram os australianos,<\/p>\n\t\t<\/div>\n\t\t\t\t<\/div>\n\t\t\t\t\t<\/div>\n\t\t<\/article>\n\t\t\t\t<article class=\"elementor-post elementor-grid-item post-1003 post type-post status-publish format-standard has-post-thumbnail hentry category-blog tag-agua tag-concreto tag-estrutura tag-pre-moldado tag-reservatorio tag-torre\">\n\t\t\t<div class=\"elementor-post__card\">\n\t\t\t\t<a class=\"elementor-post__thumbnail__link\" href=\"https:\/\/primosstudio.com.br\/hume\/2020\/10\/27\/a-importancia-do-conhecimento\/\" tabindex=\"-1\" ><div class=\"elementor-post__thumbnail\"><img loading=\"lazy\" decoding=\"async\" width=\"1254\" height=\"836\" src=\"https:\/\/primosstudio.com.br\/hume\/wp-content\/uploads\/2020\/10\/personalizacao-aprendizado.jpg\" class=\"attachment-full size-full wp-image-1349\" alt=\"\" srcset=\"https:\/\/primosstudio.com.br\/hume\/wp-content\/uploads\/2020\/10\/personalizacao-aprendizado.jpg 1254w, https:\/\/primosstudio.com.br\/hume\/wp-content\/uploads\/2020\/10\/personalizacao-aprendizado-300x200.jpg 300w, https:\/\/primosstudio.com.br\/hume\/wp-content\/uploads\/2020\/10\/personalizacao-aprendizado-1024x683.jpg 1024w, https:\/\/primosstudio.com.br\/hume\/wp-content\/uploads\/2020\/10\/personalizacao-aprendizado-768x512.jpg 768w\" sizes=\"(max-width: 1254px) 100vw, 1254px\" \/><\/div><\/a>\n\t\t\t\t<div class=\"elementor-post__text\">\n\t\t\t\t<h3 class=\"elementor-post__title\">\n\t\t\t<a href=\"https:\/\/primosstudio.com.br\/hume\/2020\/10\/27\/a-importancia-do-conhecimento\/\" >\n\t\t\t\tA import\u00e2ncia do Conhecimento\t\t\t<\/a>\n\t\t<\/h3>\n\t\t\t\t<div class=\"elementor-post__excerpt\">\n\t\t\t<p>Era uma vez um deus romano chamado J\u00fapiter, era o deus do dia, do c\u00e9u e do trov\u00e3o. Era conhecido<\/p>\n\t\t<\/div>\n\t\t\t\t<\/div>\n\t\t\t\t\t<\/div>\n\t\t<\/article>\n\t\t\t\t<article class=\"elementor-post elementor-grid-item post-1013 post type-post status-publish format-standard has-post-thumbnail hentry category-blog\">\n\t\t\t<div class=\"elementor-post__card\">\n\t\t\t\t<a class=\"elementor-post__thumbnail__link\" href=\"https:\/\/primosstudio.com.br\/hume\/2020\/10\/08\/durabilidade\/\" tabindex=\"-1\" ><div class=\"elementor-post__thumbnail\"><img loading=\"lazy\" decoding=\"async\" width=\"1632\" height=\"1224\" src=\"https:\/\/primosstudio.com.br\/hume\/wp-content\/uploads\/2020\/10\/Vida-util-Reservatorios-antigos-Mili-Madekiri.jpg\" class=\"attachment-full size-full wp-image-1351\" alt=\"\" srcset=\"https:\/\/primosstudio.com.br\/hume\/wp-content\/uploads\/2020\/10\/Vida-util-Reservatorios-antigos-Mili-Madekiri.jpg 1632w, https:\/\/primosstudio.com.br\/hume\/wp-content\/uploads\/2020\/10\/Vida-util-Reservatorios-antigos-Mili-Madekiri-300x225.jpg 300w, https:\/\/primosstudio.com.br\/hume\/wp-content\/uploads\/2020\/10\/Vida-util-Reservatorios-antigos-Mili-Madekiri-1024x768.jpg 1024w, https:\/\/primosstudio.com.br\/hume\/wp-content\/uploads\/2020\/10\/Vida-util-Reservatorios-antigos-Mili-Madekiri-768x576.jpg 768w, https:\/\/primosstudio.com.br\/hume\/wp-content\/uploads\/2020\/10\/Vida-util-Reservatorios-antigos-Mili-Madekiri-1536x1152.jpg 1536w\" sizes=\"(max-width: 1632px) 100vw, 1632px\" \/><\/div><\/a>\n\t\t\t\t<div class=\"elementor-post__text\">\n\t\t\t\t<h3 class=\"elementor-post__title\">\n\t\t\t<a href=\"https:\/\/primosstudio.com.br\/hume\/2020\/10\/08\/durabilidade\/\" >\n\t\t\t\tDurabilidade\t\t\t<\/a>\n\t\t<\/h3>\n\t\t\t\t<div class=\"elementor-post__excerpt\">\n\t\t\t<p>Um dos exemplos que sempre me fascinaram \u00e9 o dos aquedutos do imp\u00e9rio romano. A maioria data do s\u00e9culo 1\u00ba<\/p>\n\t\t<\/div>\n\t\t\t\t<\/div>\n\t\t\t\t\t<\/div>\n\t\t<\/article>\n\t\t\t\t<article class=\"elementor-post elementor-grid-item post-1011 post type-post status-publish format-standard has-post-thumbnail hentry category-blog\">\n\t\t\t<div class=\"elementor-post__card\">\n\t\t\t\t<a class=\"elementor-post__thumbnail__link\" href=\"https:\/\/primosstudio.com.br\/hume\/2020\/10\/08\/feitos-sob-medida\/\" tabindex=\"-1\" ><div class=\"elementor-post__thumbnail\"><img loading=\"lazy\" decoding=\"async\" width=\"640\" height=\"480\" src=\"https:\/\/primosstudio.com.br\/hume\/wp-content\/uploads\/2020\/10\/4-reservatorios.png\" class=\"attachment-full size-full wp-image-1353\" alt=\"\" srcset=\"https:\/\/primosstudio.com.br\/hume\/wp-content\/uploads\/2020\/10\/4-reservatorios.png 640w, https:\/\/primosstudio.com.br\/hume\/wp-content\/uploads\/2020\/10\/4-reservatorios-300x225.png 300w\" sizes=\"(max-width: 640px) 100vw, 640px\" \/><\/div><\/a>\n\t\t\t\t<div class=\"elementor-post__text\">\n\t\t\t\t<h3 class=\"elementor-post__title\">\n\t\t\t<a href=\"https:\/\/primosstudio.com.br\/hume\/2020\/10\/08\/feitos-sob-medida\/\" >\n\t\t\t\tFeitos sob medida\t\t\t<\/a>\n\t\t<\/h3>\n\t\t\t\t<div class=\"elementor-post__excerpt\">\n\t\t\t<p>Era uma vez uma vila rural na Dinamarca de 300 habitantes, onde um carpinteiro come\u00e7ou a fabricar m\u00f3veis em 1920.<\/p>\n\t\t<\/div>\n\t\t\t\t<\/div>\n\t\t\t\t\t<\/div>\n\t\t<\/article>\n\t\t\t\t<article class=\"elementor-post elementor-grid-item post-1006 post type-post status-publish format-standard has-post-thumbnail hentry category-blog\">\n\t\t\t<div class=\"elementor-post__card\">\n\t\t\t\t<a class=\"elementor-post__thumbnail__link\" href=\"https:\/\/primosstudio.com.br\/hume\/2020\/10\/08\/centrifugacao\/\" tabindex=\"-1\" ><div class=\"elementor-post__thumbnail\"><img loading=\"lazy\" decoding=\"async\" width=\"1600\" height=\"1195\" src=\"https:\/\/primosstudio.com.br\/hume\/wp-content\/uploads\/2020\/10\/Maquina-centrifuga-2019.jpg\" class=\"attachment-full size-full wp-image-1356\" alt=\"\" srcset=\"https:\/\/primosstudio.com.br\/hume\/wp-content\/uploads\/2020\/10\/Maquina-centrifuga-2019.jpg 1600w, https:\/\/primosstudio.com.br\/hume\/wp-content\/uploads\/2020\/10\/Maquina-centrifuga-2019-300x224.jpg 300w, https:\/\/primosstudio.com.br\/hume\/wp-content\/uploads\/2020\/10\/Maquina-centrifuga-2019-1024x765.jpg 1024w, https:\/\/primosstudio.com.br\/hume\/wp-content\/uploads\/2020\/10\/Maquina-centrifuga-2019-768x574.jpg 768w, https:\/\/primosstudio.com.br\/hume\/wp-content\/uploads\/2020\/10\/Maquina-centrifuga-2019-1536x1147.jpg 1536w\" sizes=\"(max-width: 1600px) 100vw, 1600px\" \/><\/div><\/a>\n\t\t\t\t<div class=\"elementor-post__text\">\n\t\t\t\t<h3 class=\"elementor-post__title\">\n\t\t\t<a href=\"https:\/\/primosstudio.com.br\/hume\/2020\/10\/08\/centrifugacao\/\" >\n\t\t\t\tCentrifuga\u00e7\u00e3o\t\t\t<\/a>\n\t\t<\/h3>\n\t\t\t\t<div class=\"elementor-post__excerpt\">\n\t\t\t<p>Se eu disser For\u00e7a Centr\u00edfuga, isso te faz lembrar alguma aula de f\u00edsica? Nesse post eu quero te explicar sobre<\/p>\n\t\t<\/div>\n\t\t\t\t<\/div>\n\t\t\t\t\t<\/div>\n\t\t<\/article>\n\t\t\t\t<article class=\"elementor-post elementor-grid-item post-1396 post type-post status-publish format-standard has-post-thumbnail hentry category-uncategorized\">\n\t\t\t<div class=\"elementor-post__card\">\n\t\t\t\t<a class=\"elementor-post__thumbnail__link\" href=\"https:\/\/primosstudio.com.br\/hume\/2020\/04\/24\/como-o-processo-de-montagem-dos-reservatorios-de-agua-hume-e-rapido-e-seguro\/\" tabindex=\"-1\" ><div class=\"elementor-post__thumbnail\"><img loading=\"lazy\" decoding=\"async\" width=\"2560\" height=\"1920\" src=\"https:\/\/primosstudio.com.br\/hume\/wp-content\/uploads\/2024\/04\/COLA-EPOXI.jpg\" class=\"attachment-full size-full wp-image-1397\" alt=\"\" srcset=\"https:\/\/primosstudio.com.br\/hume\/wp-content\/uploads\/2024\/04\/COLA-EPOXI.jpg 2560w, https:\/\/primosstudio.com.br\/hume\/wp-content\/uploads\/2024\/04\/COLA-EPOXI-300x225.jpg 300w, https:\/\/primosstudio.com.br\/hume\/wp-content\/uploads\/2024\/04\/COLA-EPOXI-1024x768.jpg 1024w, https:\/\/primosstudio.com.br\/hume\/wp-content\/uploads\/2024\/04\/COLA-EPOXI-768x576.jpg 768w, https:\/\/primosstudio.com.br\/hume\/wp-content\/uploads\/2024\/04\/COLA-EPOXI-1536x1152.jpg 1536w, https:\/\/primosstudio.com.br\/hume\/wp-content\/uploads\/2024\/04\/COLA-EPOXI-2048x1536.jpg 2048w\" sizes=\"(max-width: 2560px) 100vw, 2560px\" \/><\/div><\/a>\n\t\t\t\t<div class=\"elementor-post__text\">\n\t\t\t\t<h3 class=\"elementor-post__title\">\n\t\t\t<a href=\"https:\/\/primosstudio.com.br\/hume\/2020\/04\/24\/como-o-processo-de-montagem-dos-reservatorios-de-agua-hume-e-rapido-e-seguro\/\" >\n\t\t\t\tComo o processo de montagem dos reservat\u00f3rios de \u00e1gua HUME \u00e9 r\u00e1pido e seguro\t\t\t<\/a>\n\t\t<\/h3>\n\t\t\t\t<div class=\"elementor-post__excerpt\">\n\t\t\t<p>Depoimento do rep\u00f3rter S\u00e9rgio, do Programa Constru\u00e7\u00e3o Din\u00e2mica na TV, sobre a montagem dos reservat\u00f3rios da HUME Pr\u00e9-moldados<\/p>\n\t\t<\/div>\n\t\t\t\t<\/div>\n\t\t\t\t\t<\/div>\n\t\t<\/article>\n\t\t\t\t<article class=\"elementor-post elementor-grid-item post-1392 post type-post status-publish format-standard has-post-thumbnail hentry category-uncategorized\">\n\t\t\t<div class=\"elementor-post__card\">\n\t\t\t\t<a class=\"elementor-post__thumbnail__link\" href=\"https:\/\/primosstudio.com.br\/hume\/2020\/04\/24\/enquanto-voce-amplia-suas-sensacoes-a-hume-fornece-a-melhor-solucao-para-armazenamento-de-agua\/\" tabindex=\"-1\" ><div class=\"elementor-post__thumbnail\"><img loading=\"lazy\" decoding=\"async\" width=\"1920\" height=\"1920\" src=\"https:\/\/primosstudio.com.br\/hume\/wp-content\/uploads\/2024\/04\/austin-kehmeier-k-_7Z5z5-Q-unsplash-1.jpg\" class=\"attachment-full size-full wp-image-1394\" alt=\"\" srcset=\"https:\/\/primosstudio.com.br\/hume\/wp-content\/uploads\/2024\/04\/austin-kehmeier-k-_7Z5z5-Q-unsplash-1.jpg 1920w, https:\/\/primosstudio.com.br\/hume\/wp-content\/uploads\/2024\/04\/austin-kehmeier-k-_7Z5z5-Q-unsplash-1-300x300.jpg 300w, https:\/\/primosstudio.com.br\/hume\/wp-content\/uploads\/2024\/04\/austin-kehmeier-k-_7Z5z5-Q-unsplash-1-1024x1024.jpg 1024w, https:\/\/primosstudio.com.br\/hume\/wp-content\/uploads\/2024\/04\/austin-kehmeier-k-_7Z5z5-Q-unsplash-1-150x150.jpg 150w, https:\/\/primosstudio.com.br\/hume\/wp-content\/uploads\/2024\/04\/austin-kehmeier-k-_7Z5z5-Q-unsplash-1-768x768.jpg 768w, https:\/\/primosstudio.com.br\/hume\/wp-content\/uploads\/2024\/04\/austin-kehmeier-k-_7Z5z5-Q-unsplash-1-1536x1536.jpg 1536w\" sizes=\"(max-width: 1920px) 100vw, 1920px\" \/><\/div><\/a>\n\t\t\t\t<div class=\"elementor-post__text\">\n\t\t\t\t<h3 class=\"elementor-post__title\">\n\t\t\t<a href=\"https:\/\/primosstudio.com.br\/hume\/2020\/04\/24\/enquanto-voce-amplia-suas-sensacoes-a-hume-fornece-a-melhor-solucao-para-armazenamento-de-agua\/\" >\n\t\t\t\tEnquanto voc\u00ea amplia suas sensa\u00e7\u00f5es, a HUME fornece a melhor solu\u00e7\u00e3o para armazenamento de \u00e1gua\t\t\t<\/a>\n\t\t<\/h3>\n\t\t\t\t<div class=\"elementor-post__excerpt\">\n\t\t\t<p>Voc\u00ea j\u00e1 se deu conta da maravilhosa express\u00e3o da natureza que \u00e9 o seu corpo ? Amplie suas sensa\u00e7\u00f5es! Porque,<\/p>\n\t\t<\/div>\n\t\t\t\t<\/div>\n\t\t\t\t\t<\/div>\n\t\t<\/article>\n\t\t\t\t<article class=\"elementor-post elementor-grid-item post-1373 post type-post status-publish format-standard has-post-thumbnail hentry category-uncategorized\">\n\t\t\t<div class=\"elementor-post__card\">\n\t\t\t\t<a class=\"elementor-post__thumbnail__link\" href=\"https:\/\/primosstudio.com.br\/hume\/2020\/04\/24\/hume-uma-empresa-poeta\/\" tabindex=\"-1\" ><div class=\"elementor-post__thumbnail\"><img loading=\"lazy\" decoding=\"async\" width=\"1920\" height=\"1280\" src=\"https:\/\/primosstudio.com.br\/hume\/wp-content\/uploads\/2024\/04\/alvaro-serrano-hjwKMkehBco-unsplash.jpg\" class=\"attachment-full size-full wp-image-1374\" alt=\"\" srcset=\"https:\/\/primosstudio.com.br\/hume\/wp-content\/uploads\/2024\/04\/alvaro-serrano-hjwKMkehBco-unsplash.jpg 1920w, https:\/\/primosstudio.com.br\/hume\/wp-content\/uploads\/2024\/04\/alvaro-serrano-hjwKMkehBco-unsplash-300x200.jpg 300w, https:\/\/primosstudio.com.br\/hume\/wp-content\/uploads\/2024\/04\/alvaro-serrano-hjwKMkehBco-unsplash-1024x683.jpg 1024w, https:\/\/primosstudio.com.br\/hume\/wp-content\/uploads\/2024\/04\/alvaro-serrano-hjwKMkehBco-unsplash-768x512.jpg 768w, https:\/\/primosstudio.com.br\/hume\/wp-content\/uploads\/2024\/04\/alvaro-serrano-hjwKMkehBco-unsplash-1536x1024.jpg 1536w\" sizes=\"(max-width: 1920px) 100vw, 1920px\" \/><\/div><\/a>\n\t\t\t\t<div class=\"elementor-post__text\">\n\t\t\t\t<h3 class=\"elementor-post__title\">\n\t\t\t<a href=\"https:\/\/primosstudio.com.br\/hume\/2020\/04\/24\/hume-uma-empresa-poeta\/\" >\n\t\t\t\tHUME, uma empresa poeta\t\t\t<\/a>\n\t\t<\/h3>\n\t\t\t\t<div class=\"elementor-post__excerpt\">\n\t\t\t<p>Nas empresas poeta a competitividade d\u00e1 lugar \u00e0 colabora\u00e7\u00e3o. Focamos em valores e no significado que agregamos \u00e0 vida das<\/p>\n\t\t<\/div>\n\t\t\t\t<\/div>\n\t\t\t\t\t<\/div>\n\t\t<\/article>\n\t\t\t\t<\/div>\n\t\t\t\t\t<span class=\"e-load-more-spinner\">\n\t\t\t\t<svg aria-hidden=\"true\" class=\"e-font-icon-svg e-fas-spinner\" viewBox=\"0 0 512 512\" xmlns=\"http:\/\/www.w3.org\/2000\/svg\"><path d=\"M304 48c0 26.51-21.49 48-48 48s-48-21.49-48-48 21.49-48 48-48 48 21.49 48 48zm-48 368c-26.51 0-48 21.49-48 48s21.49 48 48 48 48-21.49 48-48-21.49-48-48-48zm208-208c-26.51 0-48 21.49-48 48s21.49 48 48 48 48-21.49 48-48-21.49-48-48-48zM96 256c0-26.51-21.49-48-48-48S0 229.49 0 256s21.49 48 48 48 48-21.49 48-48zm12.922 99.078c-26.51 0-48 21.49-48 48s21.49 48 48 48 48-21.49 48-48c0-26.509-21.491-48-48-48zm294.156 0c-26.51 0-48 21.49-48 48s21.49 48 48 48 48-21.49 48-48c0-26.509-21.49-48-48-48zM108.922 60.922c-26.51 0-48 21.49-48 48s21.49 48 48 48 48-21.49 48-48-21.491-48-48-48z\"><\/path><\/svg>\t\t\t<\/span>\n\t\t\n\t\t\t\t\t\t<\/div>\n\t\t\t\t<\/div>\n\t\t\t\t\t<\/div>\n\t\t\t\t<\/div>\n\t\t\t\t<\/div>\n\t\t","protected":false},"excerpt":{"rendered":"<p>Blog<\/p>\n","protected":false},"author":1,"featured_media":0,"parent":0,"menu_order":0,"comment_status":"closed","ping_status":"closed","template":"elementor_header_footer","meta":{"_acf_changed":false,"footnotes":""},"class_list":["post-1306","page","type-page","status-publish","hentry"],"acf":[],"_links":{"self":[{"href":"https:\/\/primosstudio.com.br\/hume\/wp-json\/wp\/v2\/pages\/1306","targetHints":{"allow":["GET"]}}],"collection":[{"href":"https:\/\/primosstudio.com.br\/hume\/wp-json\/wp\/v2\/pages"}],"about":[{"href":"https:\/\/primosstudio.com.br\/hume\/wp-json\/wp\/v2\/types\/page"}],"author":[{"embeddable":true,"href":"https:\/\/primosstudio.com.br\/hume\/wp-json\/wp\/v2\/users\/1"}],"replies":[{"embeddable":true,"href":"https:\/\/primosstudio.com.br\/hume\/wp-json\/wp\/v2\/comments?post=1306"}],"version-history":[{"count":52,"href":"https:\/\/primosstudio.com.br\/hume\/wp-json\/wp\/v2\/pages\/1306\/revisions"}],"predecessor-version":[{"id":1410,"href":"https:\/\/primosstudio.com.br\/hume\/wp-json\/wp\/v2\/pages\/1306\/revisions\/1410"}],"wp:attachment":[{"href":"https:\/\/primosstudio.com.br\/hume\/wp-json\/wp\/v2\/media?parent=1306"}],"curies":[{"name":"wp","href":"https:\/\/api.w.org\/{rel}","templated":true}]}}