{"id":1713,"date":"2024-05-14T13:48:42","date_gmt":"2024-05-14T13:48:42","guid":{"rendered":"https:\/\/primosstudio.com.br\/hume\/?page_id=1713"},"modified":"2024-05-14T18:20:39","modified_gmt":"2024-05-14T18:20:39","slug":"politica-de-privacidade","status":"publish","type":"page","link":"https:\/\/primosstudio.com.br\/hume\/politica-de-privacidade\/","title":{"rendered":"Politica de Privacidade"},"content":{"rendered":"\t\t<div data-elementor-type=\"wp-page\" data-elementor-id=\"1713\" class=\"elementor elementor-1713\" data-elementor-post-type=\"page\">\n\t\t\t\t<div class=\"elementor-element elementor-element-96c6238 e-flex e-con-boxed e-con e-parent\" data-id=\"96c6238\" data-element_type=\"container\">\n\t\t\t\t\t<div class=\"e-con-inner\">\n\t\t\t\t<div class=\"elementor-element elementor-element-d0c77fd elementor-widget elementor-widget-text-editor\" data-id=\"d0c77fd\" data-element_type=\"widget\" data-widget_type=\"text-editor.default\">\n\t\t\t\t<div class=\"elementor-widget-container\">\n\t\t\t\t\t\t\t\t\t\n<h3 class=\"wp-block-heading\"><strong>Pol\u00edtica de Privacidade e Cookies<\/strong><\/h3>\n\n\n\n<p>Em sintonia com as diretrizes da Lei Geral de Prote\u00e7\u00e3o de Dados Pessoais (LGPD ou LGPDP), Lei n\u00ba 13.709\/2018, que \u00e9 a legisla\u00e7\u00e3o brasileira que regula as atividades de tratamento de dados pessoais, informamos que nenhuma informa\u00e7\u00e3o nesta p\u00e1gina virtual ser\u00e1 recolhida sem o seu consentimento, e quando colhidas ser\u00e3o restritamente destinados aos processos necess\u00e1rios de envio de descontos, newsletter, suporte via SAC, cadastro e compra.<\/p>\n\n\n\n<p>Temos total compromisso com a privacidade e seguran\u00e7a da sua navega\u00e7\u00e3o. Qualquer informa\u00e7\u00e3o fornecida durante sua navega\u00e7\u00e3o ou contato nesta p\u00e1gina virtual n\u00e3o ser\u00e1 vendida, trocada ou divulgada, com exce\u00e7\u00e3o dos casos dessas informa\u00e7\u00f5es serem necess\u00e1rias para o processo de entrega e cobran\u00e7a do seu pedido.<\/p>\n\n\n\n<p>Ao acessar esse site e enviar comunica\u00e7\u00f5es ou fornecer qualquer tipo de dado pessoal, voc\u00ea entende os termos aqui previstos e aceita esta pol\u00edtica de privacidade, consentindo com o tratamento de suas informa\u00e7\u00f5es, conforme aqui descrito ou nos termos da legisla\u00e7\u00e3o em vigor.<\/p>\n\n\n\n<p>Ao navegar em nosso site, entrar em contato conosco, preencher algum cadastro, o cliente\/usu\u00e1rio aceita de forma consciente compartilhar tais dados e informa\u00e7\u00f5es. Ao utilizar nosso site contato, o cliente aceita tamb\u00e9m todas as pol\u00edticas e regras do nosso site, a saber:<\/p>\n\n\n\n<p>Como s\u00e3o coletadas minhas informa\u00e7\u00f5es?<\/p>\n\n\n\n<p><strong>1. Area do Contato<\/strong><\/p>\n\n\n\n<p>Na \u00e1rea de Contato, vamos solicitar dados como por exemplo nome, e-mail, telefone fixo e\/ou celular, assunto e sua mensagem. Tais informa\u00e7\u00f5es s\u00e3o fundamentais para procedermos o atendimento ao seu questionamento.<\/p>\n\n\n\n<p><strong>2. Seguran\u00e7a e privacidade<\/strong><\/p>\n\n\n\n<p>2.1. Temos o compromisso de respeitar sua privacidade e garantir o sigilo de todas as informa\u00e7\u00f5es que voc\u00ea nos fornece. Todos os dados cadastrados em nossa p\u00e1gina virtual s\u00e3o utilizados apenas se necess\u00e1rio para a viabiliza\u00e7\u00e3o de processos de resposta e para mant\u00ea-lo atualizado acerca de seu pedido.<\/p>\n\n\n\n<p>2.2 \u2013 Toda navega\u00e7\u00e3o pela p\u00e1gina virtual utiliza de criptografia por certificado \u201csecure socket layer\u201d (SSL).<\/p>\n\n\n\n<p><strong>3. Suas informa\u00e7\u00f5es<\/strong><\/p>\n\n\n\n<p>3.1. Ao utilizar a p\u00e1gina virtual, seu endere\u00e7o de IP (Internet Protocol) \u00e9 armazenado juntamente com a DATA e HOR\u00c1RIO, com \u00fanico prop\u00f3sito de manter um LOG utilizado para fins de seguran\u00e7a, caso necess\u00e1rio. Esses registros de log expiram de 3 a 6 meses.<\/p>\n\n\n\n<p><strong>4. Coleta de Informa\u00e7\u00f5es por outros sites, sistemas e redes sociais.<\/strong><\/p>\n\n\n\n<p>Esse site utiliza servi\u00e7os de terceiros, a saber:<\/p>\n\n\n\n<p>Google Analytics:<br>Utilizado para colher dados de desempenho e estat\u00edsticas de acesso ao nosso site. Para mais informa\u00e7\u00f5es sobre o Google Analytics, consulte os Termos de Servi\u00e7o do Google Analytics, os princ\u00edpios de seguran\u00e7a e privacidade do Google Analytics e a Pol\u00edtica de Privacidade do Google. N\u00e3o nos responsabilizamos pela pol\u00edtica de privacidade ou conte\u00fado presente neste servi\u00e7o.<\/p>\n\n\n\n<p><strong>5. Menores de Idade<br><\/strong>N\u00e3o coletamos, processamos ou utilizamos em nossa p\u00e1gina virtual nenhuma informa\u00e7\u00e3o relacionada a um indiv\u00edduo que saibamos ter menos de 18 anos de idade sem a autoriza\u00e7\u00e3o pr\u00e9via e confirmada de seu representante legal. Tal representante legal tem o direito, mediante solicita\u00e7\u00e3o, de acessar as informa\u00e7\u00f5es fornecidas pela crian\u00e7a ou adolescente e\/ou requerer que sejam deletadas.<\/p>\n\n\n\n<p><strong>6. Pol\u00edtica de Cookies<\/strong><\/p>\n\n\n\n<p>6.1 \u2013 Os cookies s\u00e3o pequenos arquivos de dados transferidos de um site da web para o disco do seu computador e n\u00e3o \u00e9 utilizado por n\u00f3s para armazenar dados sens\u00edveis, somente como identifica\u00e7\u00e3o da sua navega\u00e7\u00e3o.<\/p>\n\n\n\n<p>6.2 \u2013 Usamos os cookies, para melhorar a sua experi\u00eancia em nosso site. Todos esses dados usados s\u00e3o guardados com privacidade e seguran\u00e7a no \u00e2mbito de experi\u00eancia de navega\u00e7\u00e3o e compra, esses dados s\u00e3o utilizados para diversas fun\u00e7\u00f5es inteiras que auxiliam o tratamento e relacionamento com nossos clientes, por exemplo:<\/p>\n\n\n\n<p>\u2022 Comunica\u00e7\u00e3o por e-mail, para envio de respostas a \u00c1rea de Contato, solicitada pelo usu\u00e1rio.<br>\u2022 Personalizar o conte\u00fado visualizado na p\u00e1gina virtual. Com os esses dados, conseguimos identificar seus conte\u00fados favoritos e assim personalizar e melhorar sua navega\u00e7\u00e3o em nosso site, sugerir produtos que seja do seu interesse.<\/p>\n\n\n\n<p>6.3. Tipos de Cookies:<\/p>\n\n\n\n<p>\u00ef&nbsp;Essenciais: Estes cookies s\u00e3o necess\u00e1rios para que o website funcione, permitindo que voc\u00ea navegue corretamente. Geralmente, eles s\u00e3o configurados em resposta as suas a\u00e7\u00f5es que correspondem a uma solicita\u00e7\u00e3o de servi\u00e7os, tais como definir as suas prefer\u00eancias de privacidade.<br>\u00ef&nbsp;Desempenho: Os cookies nos ajudam a entender como os visitantes interagem com a p\u00e1gina da Empresa, fornecendo informa\u00e7\u00f5es sobre as \u00e1reas visitadas, o tempo de visita ao site e quaisquer problemas encontrados, como mensagens de erro.<\/p>\n\n\n\n<p>\u00ef&nbsp;Funcionais: Os cookies permitem que a p\u00e1gina da Organiza\u00e7\u00e3o se lembre de suas escolhas, para proporcionar uma experi\u00eancia melhorada e personalizada.<br>\u00ef&nbsp;Marketing: Os cookies s\u00e3o utilizados para fornecer mais conte\u00fado relevante e do interesse dos Usu\u00e1rios. Podem ser utilizados para apresentar publicidade com um maior direcionamento ou limitar o n\u00famero que esta \u00e9 veiculada, nas p\u00e1ginas da Organiza\u00e7\u00e3o.<\/p>\n\n\n\n<p>Tamb\u00e9m, permitem a medi\u00e7\u00e3o da efic\u00e1cia de uma campanha publicit\u00e1ria lan\u00e7ada.<\/p>\n\n\n\n<p><strong>7. Como posso retirar o meu consentimento?<\/strong><\/p>\n\n\n\n<p>Caso, depois de fornecer seus dados, voc\u00ea mude de ideia, voc\u00ea pode retirar o seu consentimento quando quiser e assim evitar que entremos em contato para obter ou divulgar informa\u00e7\u00f5es. Para retirar o seu consentimento, solicite atrav\u00e9s da \u00e1rea \u201cContato\u201d (Aba dispon\u00edvel no topo da p\u00e1gina). No item \u201cQual o assunto?\u201d digite \u201cCorrigir, Alterar ou Excluir meus dados pessoais\u201d. O prazo estimado para atendimento da sua solicita\u00e7\u00e3o \u00e9 de 3 dias \u00fateis.<\/p>\n\n\n\n<p><\/p>\n\t\t\t\t\t\t\t\t<\/div>\n\t\t\t\t<\/div>\n\t\t\t\t\t<\/div>\n\t\t\t\t<\/div>\n\t\t\t\t<\/div>\n\t\t","protected":false},"excerpt":{"rendered":"<p>Pol\u00edtica de Privacidade e Cookies Em sintonia com as diretrizes da Lei Geral de Prote\u00e7\u00e3o de Dados Pessoais (LGPD ou LGPDP), Lei n\u00ba 13.709\/2018, que \u00e9 a legisla\u00e7\u00e3o brasileira que regula as atividades de tratamento de dados pessoais, informamos que nenhuma informa\u00e7\u00e3o nesta p\u00e1gina virtual ser\u00e1 recolhida sem o seu consentimento, e quando colhidas ser\u00e3o [&hellip;]<\/p>\n","protected":false},"author":1,"featured_media":0,"parent":0,"menu_order":0,"comment_status":"closed","ping_status":"closed","template":"elementor_header_footer","meta":{"_acf_changed":false,"footnotes":""},"class_list":["post-1713","page","type-page","status-publish","hentry"],"acf":[],"_links":{"self":[{"href":"https:\/\/primosstudio.com.br\/hume\/wp-json\/wp\/v2\/pages\/1713","targetHints":{"allow":["GET"]}}],"collection":[{"href":"https:\/\/primosstudio.com.br\/hume\/wp-json\/wp\/v2\/pages"}],"about":[{"href":"https:\/\/primosstudio.com.br\/hume\/wp-json\/wp\/v2\/types\/page"}],"author":[{"embeddable":true,"href":"https:\/\/primosstudio.com.br\/hume\/wp-json\/wp\/v2\/users\/1"}],"replies":[{"embeddable":true,"href":"https:\/\/primosstudio.com.br\/hume\/wp-json\/wp\/v2\/comments?post=1713"}],"version-history":[{"count":4,"href":"https:\/\/primosstudio.com.br\/hume\/wp-json\/wp\/v2\/pages\/1713\/revisions"}],"predecessor-version":[{"id":1774,"href":"https:\/\/primosstudio.com.br\/hume\/wp-json\/wp\/v2\/pages\/1713\/revisions\/1774"}],"wp:attachment":[{"href":"https:\/\/primosstudio.com.br\/hume\/wp-json\/wp\/v2\/media?parent=1713"}],"curies":[{"name":"wp","href":"https:\/\/api.w.org\/{rel}","templated":true}]}}